{"id":119,"date":"2016-08-15T11:27:32","date_gmt":"2016-08-15T11:27:32","guid":{"rendered":"http:\/\/doganay.org\/?page_id=119"},"modified":"2016-08-15T11:27:32","modified_gmt":"2016-08-15T11:27:32","slug":"duyurular","status":"publish","type":"page","link":"https:\/\/doganay.org\/?page_id=119","title":{"rendered":"Duyurular"},"content":{"rendered":"<p><strong>B\u0130Z\u0130MLE PAYLA\u015eIN<\/strong><\/p>\n<p>Web sitemize veya sosyal medya hesaplar\u0131m\u0131za katk\u0131da bulunmak isteyen izcilerimiz, liderlerimiz ve eski \u00fcyelerimiz depo@doganay.org adresine eposta g\u00f6nderebilirler.<\/p>\n<p><em>\u00d6nemli Uyar\u0131!\u00a0G\u00f6nderilerinizde i\u00e7eri\u011fin herhangi bir telif hakk\u0131n\u0131 ihlal etmedi\u011fine l\u00fctfen dikkat ediniz. Ba\u015fka kaynaklardan al\u0131nt\u0131 yap\u0131yorsan\u0131z l\u00fctfen epostalar\u0131n\u0131zda bu kaynaklar\u0131belirtiniz.<\/em><\/p>\n","protected":false},"excerpt":{"rendered":"<p>B\u0130Z\u0130MLE PAYLA\u015eIN Web sitemize veya sosyal medya hesaplar\u0131m\u0131za katk\u0131da bulunmak isteyen izcilerimiz, liderlerimiz ve eski \u00fcyelerimiz depo@doganay.org adresine eposta g\u00f6nderebilirler. \u00d6nemli Uyar\u0131!\u00a0G\u00f6nderilerinizde i\u00e7eri\u011fin&#8230;<\/p>\n","protected":false},"author":3,"featured_media":0,"parent":0,"menu_order":0,"comment_status":"closed","ping_status":"closed","template":"","meta":{"footnotes":""},"_links":{"self":[{"href":"https:\/\/doganay.org\/index.php?rest_route=\/wp\/v2\/pages\/119"}],"collection":[{"href":"https:\/\/doganay.org\/index.php?rest_route=\/wp\/v2\/pages"}],"about":[{"href":"https:\/\/doganay.org\/index.php?rest_route=\/wp\/v2\/types\/page"}],"author":[{"embeddable":true,"href":"https:\/\/doganay.org\/index.php?rest_route=\/wp\/v2\/users\/3"}],"replies":[{"embeddable":true,"href":"https:\/\/doganay.org\/index.php?rest_route=%2Fwp%2Fv2%2Fcomments&post=119"}],"version-history":[{"count":1,"href":"https:\/\/doganay.org\/index.php?rest_route=\/wp\/v2\/pages\/119\/revisions"}],"predecessor-version":[{"id":120,"href":"https:\/\/doganay.org\/index.php?rest_route=\/wp\/v2\/pages\/119\/revisions\/120"}],"wp:attachment":[{"href":"https:\/\/doganay.org\/index.php?rest_route=%2Fwp%2Fv2%2Fmedia&parent=119"}],"curies":[{"name":"wp","href":"https:\/\/api.w.org\/{rel}","templated":true}]}}