{"id":17,"date":"2016-08-13T15:29:13","date_gmt":"2016-08-13T15:29:13","guid":{"rendered":"http:\/\/doganay.org\/?page_id=17"},"modified":"2016-08-25T07:53:28","modified_gmt":"2016-08-25T07:53:28","slug":"tarihce","status":"publish","type":"page","link":"https:\/\/doganay.org\/?page_id=17","title":{"rendered":"Tarih\u00e7e"},"content":{"rendered":"<p>1990 senesinde izcili\u011fe ba\u015flam\u0131\u015f olan kurucu liderlerimiz \u0130skender\u00a0Kiri\u015f\u00e7i, \u0130hsan U\u011fur Biltekin, Erem \u00d6\u011f\u00fct ve G\u00f6khan K\u0131nac\u0131 1991 senesinde Dolunay \u0130zci Grubu b\u00fcnyesinde kurucu izciler olarak g\u00f6rev ald\u0131lar.\u00a01995 senesine kadar Dolunay \u0130zci Grubu\u2019nda aktif olarak izcilik \u00e7al\u0131\u015fmalar\u0131n\u0131 s\u00fcrd\u00fcren liderlerimiz, bu zaman zarf\u0131nda bir\u00e7ok ba\u015far\u0131ya imza att\u0131lar.<\/p>\n<p>Grubumuz, yeni bir ses getirmesi hedefiyle ve s\u00fcrekli geli\u015fen yenilikler \u00e7er\u00e7evesinde \u201cHep birlikte, izcilik i\u00e7in\u201d slogan\u0131yla 19.11.1995 tarihinde kurulmu\u015ftur.<br \/>\nGrubumuz kurulu\u015fundan bu yana tecr\u00fcbeli, ba\u015far\u0131l\u0131 ve gen\u00e7 lider kadrosuna sahiptir. 1995 senesinden beri gerek Ankara, gerek T\u00fcrkiye, gerek uluslararas\u0131 boyutta bir\u00e7ok etkinli\u011fe kat\u0131lm\u0131\u015f ve bir\u00e7ok etkinlik d\u00fczenlemi\u015ftir. Do\u011fanay \u0130zci Grubu, yapt\u0131\u011f\u0131 ilklerle tan\u0131nmaktad\u0131r.<\/p>\n<p><img loading=\"lazy\" decoding=\"async\" class=\"wp-image-6 aligncenter\" src=\"https:\/\/doganay.org\/wp-content\/uploads\/2016\/08\/dig_\u015feffaffon-300x294.png\" alt=\"dig_\u015feffaffon\" width=\"270\" height=\"264\" srcset=\"https:\/\/doganay.org\/wp-content\/uploads\/2016\/08\/dig_\u015feffaffon-300x294.png 300w, https:\/\/doganay.org\/wp-content\/uploads\/2016\/08\/dig_\u015feffaffon-60x60.png 60w, https:\/\/doganay.org\/wp-content\/uploads\/2016\/08\/dig_\u015feffaffon.png 756w\" sizes=\"(max-width: 270px) 100vw, 270px\" \/><\/p>\n","protected":false},"excerpt":{"rendered":"<p>1990 senesinde izcili\u011fe ba\u015flam\u0131\u015f olan kurucu liderlerimiz \u0130skender\u00a0Kiri\u015f\u00e7i, \u0130hsan U\u011fur Biltekin, Erem \u00d6\u011f\u00fct ve G\u00f6khan K\u0131nac\u0131 1991 senesinde Dolunay \u0130zci Grubu b\u00fcnyesinde kurucu&#8230;<\/p>\n","protected":false},"author":3,"featured_media":0,"parent":0,"menu_order":0,"comment_status":"closed","ping_status":"closed","template":"","meta":{"footnotes":""},"_links":{"self":[{"href":"https:\/\/doganay.org\/index.php?rest_route=\/wp\/v2\/pages\/17"}],"collection":[{"href":"https:\/\/doganay.org\/index.php?rest_route=\/wp\/v2\/pages"}],"about":[{"href":"https:\/\/doganay.org\/index.php?rest_route=\/wp\/v2\/types\/page"}],"author":[{"embeddable":true,"href":"https:\/\/doganay.org\/index.php?rest_route=\/wp\/v2\/users\/3"}],"replies":[{"embeddable":true,"href":"https:\/\/doganay.org\/index.php?rest_route=%2Fwp%2Fv2%2Fcomments&post=17"}],"version-history":[{"count":5,"href":"https:\/\/doganay.org\/index.php?rest_route=\/wp\/v2\/pages\/17\/revisions"}],"predecessor-version":[{"id":160,"href":"https:\/\/doganay.org\/index.php?rest_route=\/wp\/v2\/pages\/17\/revisions\/160"}],"wp:attachment":[{"href":"https:\/\/doganay.org\/index.php?rest_route=%2Fwp%2Fv2%2Fmedia&parent=17"}],"curies":[{"name":"wp","href":"https:\/\/api.w.org\/{rel}","templated":true}]}}