{"id":186,"date":"2016-08-25T08:43:43","date_gmt":"2016-08-25T08:43:43","guid":{"rendered":"http:\/\/doganay.org\/?page_id=186"},"modified":"2016-08-25T08:43:43","modified_gmt":"2016-08-25T08:43:43","slug":"izci-armasi","status":"publish","type":"page","link":"https:\/\/doganay.org\/?page_id=186","title":{"rendered":"\u0130zci Armas\u0131"},"content":{"rendered":"<p>\u0130zci armas\u0131 olarak da adland\u0131r\u0131lan zambak sembol\u00fc, M.\u00d6. 2000 y\u0131llar\u0131nda \u015f\u00f6valyelerde g\u00f6r\u00fcld\u00fc. O zamanlarda bu arma d\u00fcr\u00fcstl\u00fck, cesaret ve haysiyeti temsil ederdi. Orta \u00e7a\u011fda \u00fcst ucu kuzeyi g\u00f6stermek suretiyle gemilerin pusulalar\u0131nda kullan\u0131lmaya ba\u015fland\u0131. Daha sonralar\u0131 bu arma t\u00fcm d\u00fcnya \u00fclkelerince izci armas\u0131 olarak kabul edildi.<\/p>\n<p><img loading=\"lazy\" decoding=\"async\" class=\"alignnone  wp-image-188 aligncenter\" src=\"https:\/\/doganay.org\/wp-content\/uploads\/2016\/08\/arma1-300x129.jpg\" alt=\"arma1\" width=\"443\" height=\"190\" srcset=\"https:\/\/doganay.org\/wp-content\/uploads\/2016\/08\/arma1-300x129.jpg 300w, https:\/\/doganay.org\/wp-content\/uploads\/2016\/08\/arma1-768x330.jpg 768w, https:\/\/doganay.org\/wp-content\/uploads\/2016\/08\/arma1-1024x440.jpg 1024w, https:\/\/doganay.org\/wp-content\/uploads\/2016\/08\/arma1.jpg 1519w\" sizes=\"(max-width: 443px) 100vw, 443px\" \/><\/p>\n<p style=\"text-align: center;\"><em>Kartograf Pedro Reinel&#8217;in 1504 tarihli Portekiz haritas\u0131 \u00fcst\u00fcne \u00e7izdi\u011fi pusula<\/em><\/p>\n<p>&nbsp;<\/p>\n<p>Her \u00fclke izci armas\u0131n\u0131n kendine g\u00f6re \u00f6zellikleri vard\u0131r. Temel olarak ayn\u0131 olmakla birlikte kimileri k\u0131saltm\u0131\u015f, kimileri zay\u0131flatm\u0131\u015f, kimileri k\u0131vr\u0131mlar\u0131n\u0131 \u00f6n plana \u00e7\u0131karm\u0131\u015ft\u0131r.<\/p>\n<p><img loading=\"lazy\" decoding=\"async\" class=\" wp-image-189 aligncenter\" src=\"https:\/\/doganay.org\/wp-content\/uploads\/2016\/08\/arma2-300x71.jpg\" alt=\"arma2\" width=\"334\" height=\"79\" srcset=\"https:\/\/doganay.org\/wp-content\/uploads\/2016\/08\/arma2-300x71.jpg 300w, https:\/\/doganay.org\/wp-content\/uploads\/2016\/08\/arma2-768x183.jpg 768w, https:\/\/doganay.org\/wp-content\/uploads\/2016\/08\/arma2-1024x243.jpg 1024w, https:\/\/doganay.org\/wp-content\/uploads\/2016\/08\/arma2.jpg 1540w\" sizes=\"(max-width: 334px) 100vw, 334px\" \/><\/p>\n<p style=\"text-align: center;\"><em>\u00c7e\u015fitli \u00fclkelerin izci armalar\u0131 (Soldan sa\u011fa Kanada, Avustralya, \u00c7in, Gana ve Ekvador)<\/em><\/p>\n<p>&nbsp;<\/p>\n<h2>\u0130zci Armas\u0131n\u0131n Anlam\u0131<\/h2>\n<p>Zambak \u00e7i\u00e7e\u011finin ortadan ikiye b\u00f6l\u00fcnm\u00fc\u015f halidir. \u00dcst ucu pusulan\u0131n kuzeyi g\u00f6steren ucu gibidir. Bunun anlam\u0131 da ba\u015fkalar\u0131na yard\u0131m etmek ve do\u011fruluktur. \u0130zci armas\u0131n\u0131n \u00fcst taraf\u0131 izci selam\u0131ndaki gibi izci and\u0131n\u0131n ilk \u00fc\u00e7 c\u00fcmlesini anlat\u0131r. Ayr\u0131ca arman\u0131n alt\u0131nda camadan izci d\u00fc\u011f\u00fcm\u00fc bulunur. Bu arma her zaman g\u00fcl\u00fcmseyen izci a\u011fz\u0131n\u0131 temsil eder.<\/p>\n<p>T\u00fcm d\u00fcnya izcileri armalar\u0131n\u0131 sol g\u00f6\u011f\u00fcs cebinin \u00fczerinde ta\u015f\u0131rlar. T\u00fcrkiye \u0130zcilik Y\u00f6netmeli\u011fi\u2019ne g\u00f6re T\u00fcrk izci armas\u0131yla hi\u00e7 bir arma de\u011fi\u015ftirilemez.<\/p>\n<p>&nbsp;<\/p>\n<p><img loading=\"lazy\" decoding=\"async\" class=\"wp-image-190 aligncenter\" src=\"https:\/\/doganay.org\/wp-content\/uploads\/2016\/08\/arma3.png\" alt=\"arma3\" width=\"163\" height=\"163\" srcset=\"https:\/\/doganay.org\/wp-content\/uploads\/2016\/08\/arma3.png 255w, https:\/\/doganay.org\/wp-content\/uploads\/2016\/08\/arma3-150x150.png 150w\" sizes=\"(max-width: 163px) 100vw, 163px\" \/><\/p>\n<p style=\"text-align: center;\"><em>D\u00fcnya \u0130zci Hareketi Te\u015fkilat\u0131 Armas\u0131\u00a0<\/em><\/p>\n<p style=\"text-align: center;\"><em>(World Organization of the Scout Movement: WOSM)<\/em><\/p>\n<p>&nbsp;<\/p>\n<p><img loading=\"lazy\" decoding=\"async\" class=\"alignnone  wp-image-191 aligncenter\" src=\"https:\/\/doganay.org\/wp-content\/uploads\/2016\/08\/arma4.png\" alt=\"arma4\" width=\"162\" height=\"162\" srcset=\"https:\/\/doganay.org\/wp-content\/uploads\/2016\/08\/arma4.png 222w, https:\/\/doganay.org\/wp-content\/uploads\/2016\/08\/arma4-150x150.png 150w\" sizes=\"(max-width: 162px) 100vw, 162px\" \/><\/p>\n<p style=\"text-align: center;\"><em>D\u00fcnya K\u0131z K\u0131lav\u0131zlar ve K\u0131z \u0130zciler Birli\u011fi Armas\u0131<\/em><\/p>\n<p style=\"text-align: center;\"><em>(World Association of the Girl Guides and Girl Scouts: WAGGGS)<\/em><\/p>\n<p>&nbsp;<\/p>\n<p style=\"text-align: center;\"><img loading=\"lazy\" decoding=\"async\" class=\"alignnone  wp-image-187\" src=\"https:\/\/doganay.org\/wp-content\/uploads\/2016\/08\/arma5.png\" alt=\"arma5\" width=\"164\" height=\"164\" srcset=\"https:\/\/doganay.org\/wp-content\/uploads\/2016\/08\/arma5.png 209w, https:\/\/doganay.org\/wp-content\/uploads\/2016\/08\/arma5-150x150.png 150w\" sizes=\"(max-width: 164px) 100vw, 164px\" \/><\/p>\n<p style=\"text-align: center;\"><em>T\u00fcrkiye \u0130zcilik Federasyonu (T\u0130F) Armas\u0131<\/em><\/p>\n","protected":false},"excerpt":{"rendered":"<p>\u0130zci armas\u0131 olarak da adland\u0131r\u0131lan zambak sembol\u00fc, M.\u00d6. 2000 y\u0131llar\u0131nda \u015f\u00f6valyelerde g\u00f6r\u00fcld\u00fc. O zamanlarda bu arma d\u00fcr\u00fcstl\u00fck, cesaret ve haysiyeti temsil ederdi. Orta&#8230;<\/p>\n","protected":false},"author":3,"featured_media":0,"parent":0,"menu_order":0,"comment_status":"closed","ping_status":"closed","template":"","meta":{"footnotes":""},"_links":{"self":[{"href":"https:\/\/doganay.org\/index.php?rest_route=\/wp\/v2\/pages\/186"}],"collection":[{"href":"https:\/\/doganay.org\/index.php?rest_route=\/wp\/v2\/pages"}],"about":[{"href":"https:\/\/doganay.org\/index.php?rest_route=\/wp\/v2\/types\/page"}],"author":[{"embeddable":true,"href":"https:\/\/doganay.org\/index.php?rest_route=\/wp\/v2\/users\/3"}],"replies":[{"embeddable":true,"href":"https:\/\/doganay.org\/index.php?rest_route=%2Fwp%2Fv2%2Fcomments&post=186"}],"version-history":[{"count":1,"href":"https:\/\/doganay.org\/index.php?rest_route=\/wp\/v2\/pages\/186\/revisions"}],"predecessor-version":[{"id":192,"href":"https:\/\/doganay.org\/index.php?rest_route=\/wp\/v2\/pages\/186\/revisions\/192"}],"wp:attachment":[{"href":"https:\/\/doganay.org\/index.php?rest_route=%2Fwp%2Fv2%2Fmedia&parent=186"}],"curies":[{"name":"wp","href":"https:\/\/api.w.org\/{rel}","templated":true}]}}