{"id":194,"date":"2016-08-25T08:46:37","date_gmt":"2016-08-25T08:46:37","guid":{"rendered":"http:\/\/doganay.org\/?page_id=194"},"modified":"2016-08-25T08:47:33","modified_gmt":"2016-08-25T08:47:33","slug":"izci-sarkilari","status":"publish","type":"page","link":"https:\/\/doganay.org\/?page_id=194","title":{"rendered":"\u0130zci \u015eark\u0131lar\u0131"},"content":{"rendered":"<h2>\u0130ZC\u0130 MAR\u015eI<\/h2>\n<p>Yollar uzun dikenli ta\u015fl\u0131 olsa da<\/p>\n<p>Bast\u0131\u011f\u0131n yer \u00fcz\u00fcnt\u00fclerle dolsa da<\/p>\n<p>Sel \u00e7\u0131\u011f ate\u015f \u00f6n\u00fcnde her ne olsa da<\/p>\n<p>\u0130zci g\u00fclerek y\u00fcr\u00fcr<\/p>\n<p>&nbsp;<\/p>\n<p>Haydi haydi haydi izci<\/p>\n<p>Haydi haydi haydi izci<\/p>\n<p>Haydi haydi haydi izci<\/p>\n<p>\u015eark\u0131 s\u00f6yle ne\u015felen<\/p>\n<p>&nbsp;<\/p>\n<h2>KAMP MAR\u015eI<\/h2>\n<p>Yorgan\u0131m\u0131z mavi g\u00f6k, mavi g\u00f6k<\/p>\n<p>Ye\u015fil k\u0131r yast\u0131k bize<\/p>\n<p>U\u00e7an ku\u015flar y\u0131ld\u0131zlar, y\u0131ld\u0131zlar<\/p>\n<p>\u0130mrensin ne\u015femize<\/p>\n<p>&nbsp;<\/p>\n<p>Kamp demek ne\u015fe demek<\/p>\n<p>Tra la la la la lam<\/p>\n<p>Saf hava, su bol yemek<\/p>\n<p>Tra la la la la lam<\/p>\n<p>Can katar canlara hey<\/p>\n<p>Sa\u011fl\u0131\u011fa ge\u00e7er emek<\/p>\n<p>&nbsp;<\/p>\n<h2>ATE\u015e RONDU (ATE\u015e VALS\u0130)<\/h2>\n<p>Yans\u0131n ate\u015f alev alev<\/p>\n<p>Sars\u0131n g\u00f6\u011f\u00fc ak dumanlar<\/p>\n<p>\u015een izciler halkalans\u0131n<\/p>\n<p>Dile gelsin \u015fu ormanlar<\/p>\n<p>&nbsp;<\/p>\n<p>Lara lay lay,<\/p>\n<p>Lara lay lay,<\/p>\n<p>Lay lay lay lay<\/p>\n<p>(x3)<\/p>\n<p>&nbsp;<\/p>\n<p>Dile gelsin \u015fu ormanlar hey, hey<\/p>\n<p>Yans\u0131n ate\u015f \u00f6n\u00fcm\u00fczde<\/p>\n<p>Yerde de\u011fil g\u00f6nl\u00fcm\u00fczde<\/p>\n<p>G\u00fcle g\u00fcle d\u00f6n\u00fcn\u00fczde<\/p>\n<p>Ne\u015felensin oynayanlar<\/p>\n<p>&nbsp;<\/p>\n<h2>VEDA VALS\u0130<\/h2>\n<p>Art\u0131k veda et \u015fen izci sen arkada\u015f\u0131na<\/p>\n<p>Gidiyorsun i\u015ftirak et veda valisine<\/p>\n<p>E\u011fer inanm\u0131\u015f isen izcilik ate\u015fine<\/p>\n<p>Durma ko\u015f yay onu sen yurdun her k\u00f6\u015fesine<\/p>\n<p>&nbsp;<\/p>\n<p>Bu ate\u015f ile kamp\u0131m\u0131z sona eriyor,<\/p>\n<p>Gelecek sefer kamp yine bizi bekliyor<\/p>\n<p>Art\u0131k,art\u0131k,art\u0131k elveda (2 kez)<\/p>\n<p>&nbsp;<\/p>\n<h2>DO\u011eANAY \u0130ZC\u0130 GRUBU MAR\u015eI<\/h2>\n<p>Vay! Vay! Vay vay vay vay!<\/p>\n<p>Dinleyin arkada\u015flar, bu bir grubun \u00f6yk\u00fcs\u00fc<\/p>\n<p>Do\u011fanay \u0130zci Grubu, izciligin \u00f6nc\u00fcs\u00fc<\/p>\n<p>Her zaman ve her yerde, t\u00fcm mutluluk kalplerde<\/p>\n<p>T\u00fcrkiye\u2019nin g\u00f6zdesiyiz, Atat\u00fcrk\u2019\u00fcn izinde!<\/p>\n<p>&nbsp;<\/p>\n<p>Vay! Vay! Vay vay vay vay!<\/p>\n<p>Vay can\u0131na bu ne i\u015ftir, i\u015fte yine kamptay\u0131z<\/p>\n<p>\u015eu liderler olmasa, biz ne garip haldeyiz<\/p>\n<p>Ac\u0131 tatl\u0131 an\u0131larla t\u00fcm mutluluk kalplerde<\/p>\n<p>T\u00fcrkiye\u2019nin g\u00f6zdesiyiz, Atat\u00fcrk\u2019\u00fcn izinde!<\/p>\n<p>&nbsp;<\/p>\n<p>Vay! Vay! Vay vay vay vay!<\/p>\n<p>Kim devirdi tencereyi, hani yemek nerede?<\/p>\n<p>Tuz yerine deterjan\u0131 koyan inek nerede?<\/p>\n<p>Gece n\u00f6bette uyumu\u015f, art\u0131k ondan bana ne?<\/p>\n<p>T\u00fcrkiye\u2019nin g\u00f6zdesiyiz, Atat\u00fcrk\u2019\u00fcn izinde!<\/p>\n<p>Vay! Vay! Vay vay vay vay!<\/p>\n<p>&nbsp;<\/p>\n<h2>\u0130ZC\u0130 \u015eEND\u0130R<\/h2>\n<p>\u0130zci \u015fendir,<\/p>\n<p>\u0130zci \u015fendir,<\/p>\n<p>\u0130zci \u015fendir arkada\u015f<\/p>\n<p>\u015eapkas\u0131, fular\u0131, \u00e7antas\u0131yla<\/p>\n<p>B\u0131\u00e7a\u011f\u0131, kemeri, \u00e7orab\u0131yla<\/p>\n<p>\u0130zci \u015fendir,<\/p>\n<p>\u0130zci \u015fendir,<\/p>\n<p>\u0130zci \u015fendir arkada\u015f<\/p>\n<p>&nbsp;<\/p>\n<h2>HER NEREYE G\u0130TSEK<\/h2>\n<p>Her nereye gitsek<\/p>\n<p>Bize sorarlar<\/p>\n<p>Kimleriz biz?<\/p>\n<p>Nereliyiz?<\/p>\n<p>Cevap verirsek,<\/p>\n<p>\u201cBiz izciyiz!\u201d deriz<\/p>\n<p>Sesimiz duyulmazsa,<\/p>\n<p>Daha y\u00fcksek s\u00f6yleriz<\/p>\n<p>&nbsp;<\/p>\n<p>{Daha y\u00fcksek sesle}<\/p>\n<p>Her nereye gitsek<\/p>\n<p>Bize sorarlar<\/p>\n<p>Kimleriz biz?<\/p>\n<p>Nereliyiz?<\/p>\n<p>Cevap verirsek,<\/p>\n<p>\u201cSa\u011f\u0131r m\u0131s\u0131n?\u201d deriz<\/p>\n<p>&nbsp;<\/p>\n<h2>MANGA \u00c7E\u00c7E<\/h2>\n<p>Manga \u00e7e\u00e7e!<\/p>\n<p>\u00c7ekorisa!<\/p>\n<p>Risa risa manga!<\/p>\n<p>O Manga Manga!<\/p>\n<p>(\u015eark\u0131y\u0131 daha da keyifli hale getirmek i\u00e7in \u015fark\u0131ya \u00f6nderlik eden ki\u015fi \u00e7e\u015fitli tiyatral hareketler yapar ve ekip bu hareketleri de tekrarlar. \u00d6rne\u011fin 4 ad\u0131mda (\u015fark\u0131n\u0131n her bir m\u0131sras\u0131nda) bal\u0131k tutma, 4 ad\u0131mda sabahleyin uyanma, 4 ad\u0131mda kamp ate\u015fini yakma, \u00e7ad\u0131r kurma, saklamba\u00e7 oynama&#8230; Tamamen \u015fark\u0131y\u0131 s\u00f6yletenin yarat\u0131c\u0131l\u0131\u011f\u0131na kalm\u0131\u015f.)<\/p>\n<p>&nbsp;<\/p>\n<h2>DA\u011eLAR<\/h2>\n<p>Kar\u015f\u0131ki da\u011flar, \u0131ss\u0131z da\u011flar<\/p>\n<p>Virane da\u011flar, sert kayalar<\/p>\n<p>Geliyor bak izciler<\/p>\n<p>&nbsp;<\/p>\n<p>Bir kar ya\u011far ince ince<\/p>\n<p>\u0130zcinin hali nice<\/p>\n<p>Bir y\u00fcr\u00fcy\u00fc\u015f var bak bu gece<\/p>\n<p>&nbsp;<\/p>\n<p>Vur vur aslan izci,<\/p>\n<p>Vur Vur yaman izci<\/p>\n<p>Hoop hey!<\/p>\n<p>&nbsp;<\/p>\n<h2>\u0130ZC\u0130L\u0130\u011e\u0130 SEV\u0130YORSAN<\/h2>\n<p>\u0130zcili\u011fi seviyorsan \u015f\u00f6yle yap<\/p>\n<p>(Parmak \u015e\u0131klat\u0131l\u0131r)<\/p>\n<p>\u0130zcili\u011fi seviyorsan, izci olmak istiyorsan, izcili\u011fi seviyorsan \u015f\u00f6yle yap<\/p>\n<p>&nbsp;<\/p>\n<p>\u0130zcili\u011fi seviyorsan elini vur<\/p>\n<p>\u0130zcili\u011fi seviyorsan izci olmak istiyorsan izcili\u011fi seviyorsan elini vur<\/p>\n<p>&nbsp;<\/p>\n<p>\u0130zcili\u011fi seviyorsan dizine vur<\/p>\n<p>\u0130zcili\u011fi seviyorsan izci olmak istiyorsan izcili\u011fi seviyorsan dizini vur<\/p>\n<p>&nbsp;<\/p>\n<p>\u0130zcili\u011fi seviyorsan aya\u011f\u0131n\u0131 vur<\/p>\n<p>\u0130zcili\u011fi seviyorsan izci olmak istiyorsan izcili\u011fi seviyorsan aya\u011f\u0131n\u0131 vur<\/p>\n<p>&nbsp;<\/p>\n<p>\u0130zcili\u011fi seviyorsan oley\u00a0 de<\/p>\n<p>\u0130zcili\u011fi seviyorsan izci olmak istiyorsan izcili\u011fi seviyorsan oley de<\/p>\n<p>&nbsp;<\/p>\n<p>\u0130zcili\u011fi seviyorsan hepsini yap<\/p>\n","protected":false},"excerpt":{"rendered":"<p>\u0130ZC\u0130 MAR\u015eI Yollar uzun dikenli ta\u015fl\u0131 olsa da Bast\u0131\u011f\u0131n yer \u00fcz\u00fcnt\u00fclerle dolsa da Sel \u00e7\u0131\u011f ate\u015f \u00f6n\u00fcnde her ne olsa da \u0130zci g\u00fclerek&#8230;<\/p>\n","protected":false},"author":3,"featured_media":0,"parent":0,"menu_order":0,"comment_status":"closed","ping_status":"closed","template":"","meta":{"footnotes":""},"_links":{"self":[{"href":"https:\/\/doganay.org\/index.php?rest_route=\/wp\/v2\/pages\/194"}],"collection":[{"href":"https:\/\/doganay.org\/index.php?rest_route=\/wp\/v2\/pages"}],"about":[{"href":"https:\/\/doganay.org\/index.php?rest_route=\/wp\/v2\/types\/page"}],"author":[{"embeddable":true,"href":"https:\/\/doganay.org\/index.php?rest_route=\/wp\/v2\/users\/3"}],"replies":[{"embeddable":true,"href":"https:\/\/doganay.org\/index.php?rest_route=%2Fwp%2Fv2%2Fcomments&post=194"}],"version-history":[{"count":2,"href":"https:\/\/doganay.org\/index.php?rest_route=\/wp\/v2\/pages\/194\/revisions"}],"predecessor-version":[{"id":197,"href":"https:\/\/doganay.org\/index.php?rest_route=\/wp\/v2\/pages\/194\/revisions\/197"}],"wp:attachment":[{"href":"https:\/\/doganay.org\/index.php?rest_route=%2Fwp%2Fv2%2Fmedia&parent=194"}],"curies":[{"name":"wp","href":"https:\/\/api.w.org\/{rel}","templated":true}]}}