{"id":201,"date":"2016-08-25T08:51:32","date_gmt":"2016-08-25T08:51:32","guid":{"rendered":"http:\/\/doganay.org\/?page_id=201"},"modified":"2016-08-25T08:52:22","modified_gmt":"2016-08-25T08:52:22","slug":"izci-oyunlari","status":"publish","type":"page","link":"https:\/\/doganay.org\/?page_id=201","title":{"rendered":"\u0130zci Oyunlar\u0131"},"content":{"rendered":"<h2>VAN\u0130 KUN\u0130<\/h2>\n<p>Vani kuni \u00e7auuuuu, vaani,<\/p>\n<p>Vani kuni \u00e7auuuuu, vaani,<\/p>\n<p>Avvavvav \u00e7eka rekka reyya,<\/p>\n<p>Avvavvav \u00e7eka rekka reyya,<\/p>\n<p>Auuuuu Auuuuu<\/p>\n<p>Atemi\u00e7iki, huuuuu<\/p>\n<p>\u2026<\/p>\n<p>Bu oyun oynan\u0131rken yukar\u0131daki \u015fark\u0131ya e\u015flik edilir.<\/p>\n<p>\u015eark\u0131n\u0131n ilk b\u00f6l\u00fcm\u00fcnde eller ilk \u00f6nce kendi dizinize, sonra sol eliniz kendi sa\u011f dizinize, sa\u011f eliniz yan\u0131n\u0131zdakinin sol dizine vurulur, sonra kendi dizinize, sonra sa\u011f eliniz kendi sol dizinize, sol eliniz yan\u0131n\u0131zdakinin sa\u011f dizine vurulur. Bu hareketler \u015fark\u0131 bitene kadar tekrarlan\u0131r.<\/p>\n<p>\u015eark\u0131n\u0131n ikinci, \u00fc\u00e7\u00fcnc\u00fc ve d\u00f6rd\u00fcnc\u00fc b\u00f6l\u00fcmlerindeki hareketler oyun oynan\u0131rken liderleriniz taraf\u0131ndan anlat\u0131lacakt\u0131r.<\/p>\n<p>&nbsp;<\/p>\n<h2>MAV\u0130\u015e<\/h2>\n<p>(Bu \u015fark\u0131 s\u00f6ylenirken haftan\u0131n g\u00fcnleri ve mavi\u015f duyuldu\u011fu anda yere e\u011filip kalk\u0131l\u0131r.)<\/p>\n<p>Mavi\u015f sevgilim, Mavi\u015fci\u011fim<\/p>\n<p>S\u00f6yle ne zaman beraberiz?<\/p>\n<p>Pazartesi,<\/p>\n<p>Ah \u00e7abucak gelse Pazartesi<\/p>\n<p>Ve ben Mavi\u015f\u2019le beraberim. Mavi\u015fci\u011fim.<\/p>\n<p>Mavi\u015f sevgilim, Mavi\u015fci\u011fim<\/p>\n<p>S\u00f6yle ne zaman beraberiz?<\/p>\n<p>Sal\u0131 g\u00fcn\u00fc,<\/p>\n<p>Ah \u00e7abucak gelse Pazartesi, Sal\u0131 g\u00fcn\u00fc<\/p>\n<p>Ve ben Mavi\u015f\u2019le beraberim. Mavi\u015fci\u011fim.<\/p>\n<p>&#8230;<\/p>\n<p>\u015eark\u0131, haftan\u0131n t\u00fcm g\u00fcnlerini sayana kadar devam eder. \u015eark\u0131n\u0131n ilk k\u0131sm\u0131nda yaln\u0131zca s\u0131ras\u0131 gelen g\u00fcn s\u00f6ylenir. \u0130kinci k\u0131sm\u0131nda ise haftan\u0131n o g\u00fcn\u00fcne kadarki di\u011fer g\u00fcnleri de s\u00f6ylenir. K\u0131sa g\u00fcnlerin sonuna \u201cg\u00fcn\u00fc\u201d kelimesi eklenir:<\/p>\n<ul>\n<li>Pazartesi<\/li>\n<li>Sal\u0131 g\u00fcn\u00fc<\/li>\n<li>\u00c7ar\u015famba<\/li>\n<li>Per\u015fembe<\/li>\n<li>Cuma g\u00fcn\u00fc<\/li>\n<li>Cumartesi<\/li>\n<li>Pazar g\u00fcn\u00fc<\/li>\n<\/ul>\n<p>&nbsp;<\/p>\n<h2>ARAMSAM<\/h2>\n<p>Aram sam sam, aram sam sam<\/p>\n<p>Gulu gulu gulu gulu, ram sam sam<\/p>\n<p>Arabi arabi<\/p>\n<p>Gulu gulu gulu gulu, ram sam sam<\/p>\n<p>&nbsp;<\/p>\n<h2>ASLANIN KUYRU\u011eU<\/h2>\n<p>S\u0131n\u0131f tahtas\u0131na bir aslan resmi \u00e7izilir, kuyru\u011fu \u00e7izilmez. \u0130zciler, i\u015faret edilen yerden g\u00f6z\u00fc ba\u011fl\u0131 olarak (4-5 ad\u0131m uzaktan) tahtaya gider ve kuyru\u011fu \u00e7izer. \u0130zci kuyru\u011fu ne kadar yak\u0131n \u00e7izdiyse o kadar kuvvetli alk\u0131\u015flan\u0131r. Uzak \u00e7izen izci de yaln\u0131z i\u015faret parma\u011f\u0131 vurularak sessizce alk\u0131\u015flan\u0131r.<\/p>\n<p>Kimin daha yakla\u015f\u0131k \u00e7izebildi\u011finin anla\u015f\u0131lmas\u0131 i\u00e7in izciler, \u00e7izdikleri kuyru\u011fun \u00fcst\u00fcne adlar\u0131n\u0131 yazabilir.<\/p>\n<p>&nbsp;<\/p>\n<h2>K\u00dcRS\u00dc<\/h2>\n<p>S\u0131ras\u0131 gelen izci arkada\u015flar\u0131n\u0131n \u00f6n\u00fcne \u00e7\u0131kar. \u0130zciye bir konu verilir ve bir dakika i\u00e7inde bunun hakk\u0131nda bir sunum yapmas\u0131, arkada\u015flar\u0131na bilgi vermesi istenilir. En iyi anlatan \u00fcnitece se\u00e7ilir. Konu olarak bir obje, olay veya ki\u015fi veilebilir.<\/p>\n<p>&nbsp;<\/p>\n<h2>ZIP \u2013 ZILDIR<\/h2>\n<p>Lider z\u0131p dedi\u011finde izciler aya\u011fa kalkar, z\u0131ld\u0131r dedi\u011finde oturur\/\u00e7\u00f6melir.<\/p>\n<p>&nbsp;<\/p>\n<h2>L\u0130DER DED\u0130 K\u0130<\/h2>\n<p>Yakup dedi ki oyununun izci versiyonu. Lider verdi\u011fi komutun ba\u015f\u0131nda \u201cLider dedi ki\u201d derse izciler bu komutu uygular. Demedi\u011fi halde komutu uygulayan izci oyundan \u00e7\u0131kar.<\/p>\n<p>&nbsp;<\/p>\n<h2>NUH\u2019UN GEM\u0130S\u0130<\/h2>\n<p>\u0130zciler e\u015fit say\u0131da gruplara ayr\u0131l\u0131rlar. Her gruba bir hayvan ismi verilir. \u0130zcilerin g\u00f6zleri ba\u011flan\u0131r ve uygun \u015fekilde etrafa da\u011f\u0131t\u0131l\u0131r. D\u00fcd\u00fck \u00e7al\u0131nca izciler daha \u00f6nce kendi gruplar\u0131na verilen hayvan\u0131n sesini \u00e7\u0131kararak birbirini bulmaya \u00e7al\u0131\u015f\u0131rlar. Saptanan say\u0131ya g\u00f6re ilk defa birbirini bulan grup oyunu kazan\u0131r.<\/p>\n<p>Uyar\u0131! Hareketler kontrol edilerek \u00e7arp\u0131\u015fmalar \u00f6nlenmelidir.<\/p>\n<p>&nbsp;<\/p>\n<h2>ORADA B\u0130R AYI VAR!<\/h2>\n<p>En az alt\u0131 ki\u015fi yan yana dizilir. Birinci olan oyunu y\u00f6netir.<\/p>\n<p>Birinci izci: (\u0130\u015faret parma\u011f\u0131yla ileriyi g\u00f6stererek) &#8220;Orada bir ay\u0131 var&#8221;<\/p>\n<p>\u0130kinci izci: (Birinciye bakarak) \u201cHani nerde?\u201d<\/p>\n<p>Birinci izci: \u201c\u0130\u015fte orada\u201d<\/p>\n<p>Bu d\u00f6ng\u00fc s\u0131ras\u0131yla ikinci izci ile \u00fc\u00e7\u00fcnc\u00fc izci, \u00fc\u00e7\u00fcnc\u00fc izci ile d\u00f6rd\u00fcnc\u00fc izci&#8230; aras\u0131nda s\u0131ra sona erene dek devam eder.<\/p>\n<p>D\u00f6ng\u00fc sona erdi\u011finde en ba\u015ftaki izci farkl\u0131 bir \u015fekilde ay\u0131y\u0131 i\u015faret eder ve t\u00fcm 6 izci s\u0131ras\u0131yla, \u00f6nceki hareketi bozmadan bu hareketi de yapar. \u00d6rne\u011fin \u00f6b\u00fcr parma\u011f\u0131 ile de i\u015faret eder. Bir aya\u011f\u0131 ile i\u015faret eder. Burnu ile i\u015faret eder vs.<\/p>\n<p>&nbsp;<\/p>\n<h2>D\u00d6N BABA D\u00d6NEL\u0130M<\/h2>\n<p>Bu oyun i\u00e7in her obaya yakla\u015f\u0131k bel hizas\u0131na gelecek y\u00fckseklikte sopa gerekmekte.<\/p>\n<p>Obalar derin kolda dizilir. Lider, izcilerden uzak bir mesafede bekler. S\u0131ras\u0131 gelen izci, sopaya aln\u0131n\u0131 yaslayarak etraf\u0131nda 5 tur d\u00f6ner ve sopay\u0131 b\u0131rakarak liderin hizas\u0131na do\u011fru ko\u015far ve bu hizay\u0131 ge\u00e7ince geri obas\u0131na ko\u015far. Obas\u0131na d\u00f6n\u00fcnce s\u0131ras\u0131 gelen izci ayn\u0131 hareketi tekrarlar. \u0130lk bitiren oba kazan\u0131r.<\/p>\n","protected":false},"excerpt":{"rendered":"<p>VAN\u0130 KUN\u0130 Vani kuni \u00e7auuuuu, vaani, Vani kuni \u00e7auuuuu, vaani, Avvavvav \u00e7eka rekka reyya, Avvavvav \u00e7eka rekka reyya, Auuuuu Auuuuu Atemi\u00e7iki, huuuuu \u2026&#8230;<\/p>\n","protected":false},"author":3,"featured_media":0,"parent":0,"menu_order":0,"comment_status":"closed","ping_status":"closed","template":"","meta":{"footnotes":""},"_links":{"self":[{"href":"https:\/\/doganay.org\/index.php?rest_route=\/wp\/v2\/pages\/201"}],"collection":[{"href":"https:\/\/doganay.org\/index.php?rest_route=\/wp\/v2\/pages"}],"about":[{"href":"https:\/\/doganay.org\/index.php?rest_route=\/wp\/v2\/types\/page"}],"author":[{"embeddable":true,"href":"https:\/\/doganay.org\/index.php?rest_route=\/wp\/v2\/users\/3"}],"replies":[{"embeddable":true,"href":"https:\/\/doganay.org\/index.php?rest_route=%2Fwp%2Fv2%2Fcomments&post=201"}],"version-history":[{"count":2,"href":"https:\/\/doganay.org\/index.php?rest_route=\/wp\/v2\/pages\/201\/revisions"}],"predecessor-version":[{"id":204,"href":"https:\/\/doganay.org\/index.php?rest_route=\/wp\/v2\/pages\/201\/revisions\/204"}],"wp:attachment":[{"href":"https:\/\/doganay.org\/index.php?rest_route=%2Fwp%2Fv2%2Fmedia&parent=201"}],"curies":[{"name":"wp","href":"https:\/\/api.w.org\/{rel}","templated":true}]}}