{"id":224,"date":"2016-08-25T09:11:20","date_gmt":"2016-08-25T09:11:20","guid":{"rendered":"http:\/\/doganay.org\/?page_id=224"},"modified":"2016-08-25T09:11:20","modified_gmt":"2016-08-25T09:11:20","slug":"kol-komutlari","status":"publish","type":"page","link":"https:\/\/doganay.org\/?page_id=224","title":{"rendered":"Kol Komutlar\u0131"},"content":{"rendered":"<p>Ses ile ileti\u015fimin yetersiz, tehlikeli veya gereksiz oldu\u011fu durumlarda izciler kol komutlar\u0131 ile anla\u015fabilir. \u00d6rne\u011fin g\u00fcr\u00fclt\u00fcl\u00fc bir yerde, d\u00fcd\u00fck komutlar\u0131n\u0131n duyulamayaca\u011f\u0131 veya d\u00fcd\u00fc\u011f\u00fcn olmad\u0131\u011f\u0131 bir durumda kullan\u0131labilir. Do\u011fada sessiz olunmas\u0131 gereken bir durumda kullan\u0131labilir. \u0130zciler kamp alan\u0131nda arkada\u015flar\u0131na \u201c\u00e7abuk ol!\u201d diye ba\u011f\u0131rmak yerine kol komutu kullan\u0131labilir.<\/p>\n<p><img loading=\"lazy\" decoding=\"async\" class=\"alignnone  wp-image-226\" src=\"https:\/\/doganay.org\/wp-content\/uploads\/2016\/08\/kol1-247x300.png\" alt=\"kol1\" width=\"376\" height=\"457\" srcset=\"https:\/\/doganay.org\/wp-content\/uploads\/2016\/08\/kol1-247x300.png 247w, https:\/\/doganay.org\/wp-content\/uploads\/2016\/08\/kol1.png 620w\" sizes=\"(max-width: 376px) 100vw, 376px\" \/>\u00a0 \u00a0 \u00a0 \u00a0\u00a0<img loading=\"lazy\" decoding=\"async\" class=\"alignnone  wp-image-225\" src=\"https:\/\/doganay.org\/wp-content\/uploads\/2016\/08\/kol2-212x300.png\" alt=\"kol2\" width=\"320\" height=\"452\" srcset=\"https:\/\/doganay.org\/wp-content\/uploads\/2016\/08\/kol2-212x300.png 212w, https:\/\/doganay.org\/wp-content\/uploads\/2016\/08\/kol2.png 470w\" sizes=\"(max-width: 320px) 100vw, 320px\" \/><\/p>\n","protected":false},"excerpt":{"rendered":"<p>Ses ile ileti\u015fimin yetersiz, tehlikeli veya gereksiz oldu\u011fu durumlarda izciler kol komutlar\u0131 ile anla\u015fabilir. \u00d6rne\u011fin g\u00fcr\u00fclt\u00fcl\u00fc bir yerde, d\u00fcd\u00fck komutlar\u0131n\u0131n duyulamayaca\u011f\u0131 veya d\u00fcd\u00fc\u011f\u00fcn&#8230;<\/p>\n","protected":false},"author":3,"featured_media":0,"parent":0,"menu_order":0,"comment_status":"closed","ping_status":"closed","template":"","meta":{"footnotes":""},"_links":{"self":[{"href":"https:\/\/doganay.org\/index.php?rest_route=\/wp\/v2\/pages\/224"}],"collection":[{"href":"https:\/\/doganay.org\/index.php?rest_route=\/wp\/v2\/pages"}],"about":[{"href":"https:\/\/doganay.org\/index.php?rest_route=\/wp\/v2\/types\/page"}],"author":[{"embeddable":true,"href":"https:\/\/doganay.org\/index.php?rest_route=\/wp\/v2\/users\/3"}],"replies":[{"embeddable":true,"href":"https:\/\/doganay.org\/index.php?rest_route=%2Fwp%2Fv2%2Fcomments&post=224"}],"version-history":[{"count":1,"href":"https:\/\/doganay.org\/index.php?rest_route=\/wp\/v2\/pages\/224\/revisions"}],"predecessor-version":[{"id":227,"href":"https:\/\/doganay.org\/index.php?rest_route=\/wp\/v2\/pages\/224\/revisions\/227"}],"wp:attachment":[{"href":"https:\/\/doganay.org\/index.php?rest_route=%2Fwp%2Fv2%2Fmedia&parent=224"}],"curies":[{"name":"wp","href":"https:\/\/api.w.org\/{rel}","templated":true}]}}