{"id":26,"date":"2016-08-13T15:51:40","date_gmt":"2016-08-13T15:51:40","guid":{"rendered":"http:\/\/doganay.org\/?page_id=26"},"modified":"2016-08-13T15:55:00","modified_gmt":"2016-08-13T15:55:00","slug":"unitelerimiz","status":"publish","type":"page","link":"https:\/\/doganay.org\/?page_id=26","title":{"rendered":"\u00dcnitelerimiz"},"content":{"rendered":"<p style=\"text-align: center;\">Aktif olarak \u00e7al\u0131\u015fmalar\u0131n\u0131 s\u00fcrd\u00fcren 4 \u00fcnitemiz bulunmaktad\u0131r;<\/p>\n<p><\/br><\/p>\n<p style=\"text-align: center;\"><strong>A\u00e7elya K\u0131z \u0130zci Oyma\u011f\u0131<\/strong><\/p>\n<p style=\"text-align: center;\">11-14 ya\u015f aras\u0131 k\u0131z izcilerden olu\u015fan A\u00e7elya K\u0131z \u0130zci Oyma\u011f\u0131&#8217;m\u0131z 1996 y\u0131l\u0131nda kurulmu\u015ftur.<\/p>\n<p style=\"text-align: center;\"><img loading=\"lazy\" decoding=\"async\" class=\"size-medium wp-image-27 alignnone\" src=\"https:\/\/doganay.org\/wp-content\/uploads\/2016\/08\/acelya-300x289.png\" alt=\"acelya\" width=\"300\" height=\"289\" srcset=\"https:\/\/doganay.org\/wp-content\/uploads\/2016\/08\/acelya-300x289.png 300w, https:\/\/doganay.org\/wp-content\/uploads\/2016\/08\/acelya-768x739.png 768w, https:\/\/doganay.org\/wp-content\/uploads\/2016\/08\/acelya.png 894w\" sizes=\"(max-width: 300px) 100vw, 300px\" \/><\/p>\n<p><\/br><br \/>\n<\/br><\/p>\n<p style=\"text-align: center;\"><strong>Bayku\u015f Erkek\u00a0\u0130zci Oyma\u011f\u0131<\/strong><\/p>\n<p style=\"text-align: center;\">11-14 ya\u015f aras\u0131 erkek izcilerden olu\u015fan Bayku\u015f Erkek\u00a0\u0130zci Oyma\u011f\u0131&#8217;m\u0131z 1996 y\u0131l\u0131nda kurulmu\u015ftur.<\/p>\n<p style=\"text-align: center;\"><img loading=\"lazy\" decoding=\"async\" class=\"alignnone size-medium wp-image-29\" src=\"https:\/\/doganay.org\/wp-content\/uploads\/2016\/08\/baykus-300x243.png\" alt=\"baykus\" width=\"300\" height=\"243\" srcset=\"https:\/\/doganay.org\/wp-content\/uploads\/2016\/08\/baykus-300x243.png 300w, https:\/\/doganay.org\/wp-content\/uploads\/2016\/08\/baykus.png 741w\" sizes=\"(max-width: 300px) 100vw, 300px\" \/><\/p>\n<p><\/br><br \/>\n<\/br><\/p>\n<p style=\"text-align: center;\"><strong>Alaz K\u0131z Ergin \u0130zci\u00a0Oyma\u011f\u0131<\/strong><\/p>\n<p style=\"text-align: center;\">15-18\u00a0ya\u015f aras\u0131 k\u0131z izcilerden olu\u015fan Alaz\u00a0K\u0131z Ergin \u0130zci Oca\u011f\u0131&#8217;m\u0131z 2007\u00a0y\u0131l\u0131nda kurulmu\u015ftur.<\/p>\n<p style=\"text-align: center;\"><img loading=\"lazy\" decoding=\"async\" class=\"size-medium wp-image-28 alignnone\" src=\"https:\/\/doganay.org\/wp-content\/uploads\/2016\/08\/alaz-190x300.png\" alt=\"alaz\" width=\"190\" height=\"300\" srcset=\"https:\/\/doganay.org\/wp-content\/uploads\/2016\/08\/alaz-190x300.png 190w, https:\/\/doganay.org\/wp-content\/uploads\/2016\/08\/alaz-647x1024.png 647w, https:\/\/doganay.org\/wp-content\/uploads\/2016\/08\/alaz.png 689w\" sizes=\"(max-width: 190px) 100vw, 190px\" \/><\/p>\n<p><\/br><br \/>\n<\/br><\/p>\n<p style=\"text-align: center;\"><strong>Demirkaz\u0131k Erkek\u00a0Ergin \u0130zci\u00a0Oca\u011f\u0131<\/strong><\/p>\n<p style=\"text-align: center;\">15-18\u00a0ya\u015f aras\u0131 erkek\u00a0izcilerden olu\u015fan Demirkaz\u0131k Erkek\u00a0Ergin \u0130zci Oca\u011f\u0131&#8217;m\u0131z 2007\u00a0y\u0131l\u0131nda kurulmu\u015ftur.<\/p>\n<p><img loading=\"lazy\" decoding=\"async\" class=\"alignnone size-medium wp-image-30 aligncenter\" src=\"https:\/\/doganay.org\/wp-content\/uploads\/2016\/08\/demirkazik-216x300.png\" alt=\"demirkazik\" width=\"216\" height=\"300\" srcset=\"https:\/\/doganay.org\/wp-content\/uploads\/2016\/08\/demirkazik-216x300.png 216w, https:\/\/doganay.org\/wp-content\/uploads\/2016\/08\/demirkazik.png 694w\" sizes=\"(max-width: 216px) 100vw, 216px\" \/><\/p>\n","protected":false},"excerpt":{"rendered":"<p>Aktif olarak \u00e7al\u0131\u015fmalar\u0131n\u0131 s\u00fcrd\u00fcren 4 \u00fcnitemiz bulunmaktad\u0131r; A\u00e7elya K\u0131z \u0130zci Oyma\u011f\u0131 11-14 ya\u015f aras\u0131 k\u0131z izcilerden olu\u015fan A\u00e7elya K\u0131z \u0130zci Oyma\u011f\u0131&#8217;m\u0131z 1996 y\u0131l\u0131nda&#8230;<\/p>\n","protected":false},"author":3,"featured_media":0,"parent":0,"menu_order":0,"comment_status":"closed","ping_status":"closed","template":"","meta":{"footnotes":""},"_links":{"self":[{"href":"https:\/\/doganay.org\/index.php?rest_route=\/wp\/v2\/pages\/26"}],"collection":[{"href":"https:\/\/doganay.org\/index.php?rest_route=\/wp\/v2\/pages"}],"about":[{"href":"https:\/\/doganay.org\/index.php?rest_route=\/wp\/v2\/types\/page"}],"author":[{"embeddable":true,"href":"https:\/\/doganay.org\/index.php?rest_route=\/wp\/v2\/users\/3"}],"replies":[{"embeddable":true,"href":"https:\/\/doganay.org\/index.php?rest_route=%2Fwp%2Fv2%2Fcomments&post=26"}],"version-history":[{"count":7,"href":"https:\/\/doganay.org\/index.php?rest_route=\/wp\/v2\/pages\/26\/revisions"}],"predecessor-version":[{"id":38,"href":"https:\/\/doganay.org\/index.php?rest_route=\/wp\/v2\/pages\/26\/revisions\/38"}],"wp:attachment":[{"href":"https:\/\/doganay.org\/index.php?rest_route=%2Fwp%2Fv2%2Fmedia&parent=26"}],"curies":[{"name":"wp","href":"https:\/\/api.w.org\/{rel}","templated":true}]}}