{"id":49,"date":"2016-08-13T20:49:28","date_gmt":"2016-08-13T20:49:28","guid":{"rendered":"http:\/\/doganay.org\/?page_id=49"},"modified":"2016-08-25T07:50:59","modified_gmt":"2016-08-25T07:50:59","slug":"faydali-linkler","status":"publish","type":"page","link":"https:\/\/doganay.org\/?page_id=49","title":{"rendered":"Faydal\u0131 Linkler"},"content":{"rendered":"<ul>\n<li>WOSM<\/li>\n<\/ul>\n<p>D\u00fcnya \u0130zcilik Te\u015fkilat\u0131&#8217;n\u0131n (World Organization of the Scout Movement) resmi web sitesi.<br \/>\n<a href=\"https:\/\/www.scout.org\/\" target=\"_blank\">https:\/\/www.scout.org\/<\/a><\/p>\n<p>&nbsp;<\/p>\n<ul>\n<li>JOTA&amp;JOTI<\/li>\n<\/ul>\n<p>Resmi JOTA&amp;JOTI web sitesi.<br \/>\n<a href=\"http:\/\/jotajoti.info\/\" target=\"_blank\">http:\/\/jotajoti.info\/<\/a><\/p>\n<p>&nbsp;<\/p>\n<ul>\n<li>\u0130lk Yard\u0131m<\/li>\n<\/ul>\n<p>K\u0131z\u0131lay&#8217;\u0131n ilk yard\u0131ma dair web sitesi.<br \/>\n<a href=\"http:\/\/www.ilkyardim.org.tr\/\" target=\"_blank\">http:\/\/www.ilkyardim.org.tr\/<\/a><\/p>\n<p>&nbsp;<\/p>\n<ul>\n<li>Animated Knots<\/li>\n<\/ul>\n<p>\u0130zci d\u00fc\u011f\u00fcmleri dahil bir\u00e7ok d\u00fc\u011f\u00fcm\u00fcn ad\u0131m ad\u0131m, anla\u015f\u0131l\u0131r tarifleri.<br \/>\n<a href=\"http:\/\/www.animatedknots.com\/\">http:\/\/www.animatedknots.com\/<\/a><\/p>\n<p>&nbsp;<\/p>\n<ul>\n<li>Pioneering Made Easy<\/li>\n<\/ul>\n<p>Tesis yap\u0131m\u0131na dair bir web sitesi.<br \/>\n<a href=\"http:\/\/www.pioneeringmadeeasy.co.uk\/\" target=\"_blank\">http:\/\/www.pioneeringmadeeasy.co.uk\/<\/a><\/p>\n<p>&nbsp;<\/p>\n<ul>\n<li>Boy Scout Trail<\/li>\n<\/ul>\n<p>Onlarca izci oyunu.<br \/>\n<a href=\"http:\/\/www.boyscouttrail.com\/boy-scouts\/boy-scout-games.asp\" target=\"_blank\">http:\/\/www.boyscouttrail.com\/boy-scouts\/boy-scout-games.asp<\/a><\/p>\n<p>&nbsp;<\/p>\n<ul>\n<li>Scout Videos<\/li>\n<\/ul>\n<p>\u00c7e\u015fitli oyun ve aktivite videolar\u0131n\u0131n yan\u0131 s\u0131ra izcilikte kullan\u0131lan d\u00fc\u011f\u00fcmlerin videolar\u0131n\u0131n bulundu\u011fu bir web sitesi.<br \/>\n<a href=\"http:\/\/scoutingvideos.com\/\" target=\"_blank\">http:\/\/scoutingvideos.com\/<\/a><\/p>\n<p>&nbsp;<\/p>\n<ul>\n<li>Live Love Scout<\/li>\n<\/ul>\n<p>D\u00fcnyan\u0131n d\u00f6rt bir yan\u0131ndan izcilik foto\u011fraflar\u0131 payla\u015fan bir sosyal medya hesab\u0131.<br \/>\n<a href=\"https:\/\/www.instagram.com\/livelovescout\/\" target=\"_blank\">https:\/\/www.instagram.com\/livelovescout\/<\/a><\/p>\n","protected":false},"excerpt":{"rendered":"<p>WOSM D\u00fcnya \u0130zcilik Te\u015fkilat\u0131&#8217;n\u0131n (World Organization of the Scout Movement) resmi web sitesi. https:\/\/www.scout.org\/ &nbsp; JOTA&amp;JOTI Resmi JOTA&amp;JOTI web sitesi. http:\/\/jotajoti.info\/ &nbsp; \u0130lk&#8230;<\/p>\n","protected":false},"author":3,"featured_media":0,"parent":0,"menu_order":0,"comment_status":"closed","ping_status":"closed","template":"","meta":{"footnotes":""},"_links":{"self":[{"href":"https:\/\/doganay.org\/index.php?rest_route=\/wp\/v2\/pages\/49"}],"collection":[{"href":"https:\/\/doganay.org\/index.php?rest_route=\/wp\/v2\/pages"}],"about":[{"href":"https:\/\/doganay.org\/index.php?rest_route=\/wp\/v2\/types\/page"}],"author":[{"embeddable":true,"href":"https:\/\/doganay.org\/index.php?rest_route=\/wp\/v2\/users\/3"}],"replies":[{"embeddable":true,"href":"https:\/\/doganay.org\/index.php?rest_route=%2Fwp%2Fv2%2Fcomments&post=49"}],"version-history":[{"count":19,"href":"https:\/\/doganay.org\/index.php?rest_route=\/wp\/v2\/pages\/49\/revisions"}],"predecessor-version":[{"id":158,"href":"https:\/\/doganay.org\/index.php?rest_route=\/wp\/v2\/pages\/49\/revisions\/158"}],"wp:attachment":[{"href":"https:\/\/doganay.org\/index.php?rest_route=%2Fwp%2Fv2%2Fmedia&parent=49"}],"curies":[{"name":"wp","href":"https:\/\/api.w.org\/{rel}","templated":true}]}}