{"id":79,"date":"2016-08-14T13:19:33","date_gmt":"2016-08-14T13:19:33","guid":{"rendered":"http:\/\/doganay.org\/?page_id=79"},"modified":"2016-08-25T07:56:16","modified_gmt":"2016-08-25T07:56:16","slug":"nedir-bu-izcilik","status":"publish","type":"page","link":"https:\/\/doganay.org\/?page_id=79","title":{"rendered":"Nedir Bu \u0130zcilik?"},"content":{"rendered":"<p><strong>\u0130zcilik;<\/strong><\/p>\n<ul>\n<li><b><\/b>Milliyet, \u00f6rf, din, dil ayr\u0131m\u0131 g\u00f6zetmeksizin herkese a\u00e7\u0131k, politik olmayan e\u011fitimsel bir gen\u00e7lik \u00e7al\u0131\u015fmas\u0131d\u0131r.<\/li>\n<li>G\u00f6n\u00fcll\u00fc, uluslararas\u0131, \u00fcniformal\u0131, \u00e7e\u015fitli ya\u015f gruplar\u0131ndaki gen\u00e7lerin zihinsel, fiziksel, ruhsal, sosyal, duygusal ve karakter geli\u015fimine katk\u0131da bulunan bir gen\u00e7lik faaliyetidir.<\/li>\n<li>Okul ile aile e\u011fitimleri aras\u0131nda kalan bo\u015fluklar\u0131 doldurur.<\/li>\n<li>\u00c7ocuk ve gen\u00e7leri mevcut \u00f6zellikleri ile bir b\u00fct\u00fcn olarak ele alan, ruh ve beden sa\u011fl\u0131klar\u0131n\u0131 geli\u015ftiren, onlar\u0131n bo\u015f zamanlar\u0131n\u0131 bir program \u00e7er\u00e7evesinde de\u011ferlendirilmesini sa\u011flayan bir e\u011fitim arac\u0131d\u0131r. Bu \u00f6zellikleri ile izcilik, \u00f6\u011fretim olmaktan \u00e7ok uygulamal\u0131 bilgi ve beceri kazand\u0131ran e\u011fitim karakterinde bir faaliyetidir. Bu nedenle de izcilik t\u00fcm d\u00fcnyada okul d\u0131\u015f\u0131 bir faaliyet olarak de\u011ferlendirilmi\u015f ve okul d\u0131\u015f\u0131 izcilik organizasyonlar\u0131 kurulmu\u015ftur. \u00c7ocuk ve gencin karakterini geli\u015ftirmek suretiyle e\u011fitimin olu\u015fturdu\u011fu bo\u015flu\u011fu doldurur.<\/li>\n<li>\u00c7ocuk ve gencin grup i\u00e7inde ve bizzat tabiat\u0131n kuca\u011f\u0131nda e\u011fitilmesiyle karakter, beceri, sa\u011fl\u0131k, mukavemet, cesaret gibi konularda daha iyi ve daha \u00e7abuk e\u011fitilebilecekleri fikrinden do\u011fmu\u015ftur.<\/li>\n<li>Ki\u015finin e\u011fitimi, bedenen ve fikren oldu\u011fu kadar ahlaken de b\u00fcy\u00fck \u00f6nem ta\u015f\u0131r. Bu nedenle de izcilik ahlak e\u011fitiminde aktif bir metod olarak kabul edilir. \u0130zcilik iyi yurtta\u015f yeti\u015ftirmeyi ama\u00e7lad\u0131\u011f\u0131ndan Milli, iyi insan yeti\u015ftirmeyi ama\u00e7lad\u0131\u011f\u0131ndan ise evrensel bir olayd\u0131r.<\/li>\n<\/ul>\n<p><strong>K\u0131sacas\u0131<\/strong>, \u00e7ocuk ve genci tam anlam\u0131yla topluma yararl\u0131, insanlar\u0131 seven, onlara yard\u0131m eden, do\u011fay\u0131 ve \u00e7evreyi koruyan, vatan\u0131na yararl\u0131, iyi bir insan olma sanat\u0131d\u0131r.<\/p>\n<p>&nbsp;<\/p>\n<p><strong>Bunun i\u00e7in izciler ne yapar?<\/strong><\/p>\n<ul>\n<li>D\u00fczenli toplant\u0131lar. Bu sayede temel bilgi ve becerileri edinir, arkada\u015flar\u0131 ile kaliteli vakit ge\u00e7irir, gerek bireysel gerek ekip halinde \u00e7al\u0131\u015fma becerilerini peki\u015ftirir.<\/li>\n<li>G\u00fcn\u00fcbirlik etkinlikler. Bu etkinliklerde izciler, \u015fehirde veya do\u011fada, g\u00fcnl\u00fck hayat ak\u0131\u015f\u0131nda edinemeyecekleri yeni tecr\u00fcbeler edinirler. Gerek kamp i\u00e7in haz\u0131rl\u0131k\/tatbikat yaparlar, gerek topluma hizmet projeleri ger\u00e7ekle\u015ftirirler, gerek farkl\u0131 izci gruplar\u0131 ile bir araya gelerek bol bol oyun oynar, rekabet ederken yeni arkada\u015flar edinirler.<\/li>\n<li>Kamp! \u0130zcili\u011fin kurucusu Baden Powell der ki: &#8220;Y\u00fcr\u00fc h\u00fcr mavili\u011fin bitti\u011fi yere kadar; izci kamp yapt\u0131\u011f\u0131 s\u00fcrece ya\u015far!&#8221;. \u0130zciler, tecr\u00fcbe ve becerilerine g\u00f6re farkl\u0131 s\u00fcrelerde ve konseptlerde izci kamplar\u0131na kat\u0131lmaya hak kazan\u0131rlar. Kamplar tek gece konaklamal\u0131 da olabilir, 2 hafta da. Bazen \u00e7ad\u0131rda uyur, bazen kapal\u0131 bir mekanda, bazen de arkada\u015flar\u0131 ile in\u015fa etti\u011fi bar\u0131nak veya hatta igloda. Gerek ate\u015f yakmay\u0131 \u00f6\u011frenir, gerek telsiz arac\u0131l\u0131\u011f\u0131 ile d\u00fcnyan\u0131n \u00f6b\u00fcr ucundaki bir izci ile haberle\u015fmeyi. T\u00fcm bunlar olurken bir\u00e7ok a\u00e7\u0131dan kendini geli\u015ftirir.<\/li>\n<\/ul>\n","protected":false},"excerpt":{"rendered":"<p>\u0130zcilik; Milliyet, \u00f6rf, din, dil ayr\u0131m\u0131 g\u00f6zetmeksizin herkese a\u00e7\u0131k, politik olmayan e\u011fitimsel bir gen\u00e7lik \u00e7al\u0131\u015fmas\u0131d\u0131r. G\u00f6n\u00fcll\u00fc, uluslararas\u0131, \u00fcniformal\u0131, \u00e7e\u015fitli ya\u015f gruplar\u0131ndaki gen\u00e7lerin zihinsel,&#8230;<\/p>\n","protected":false},"author":3,"featured_media":0,"parent":0,"menu_order":0,"comment_status":"closed","ping_status":"closed","template":"","meta":{"footnotes":""},"_links":{"self":[{"href":"https:\/\/doganay.org\/index.php?rest_route=\/wp\/v2\/pages\/79"}],"collection":[{"href":"https:\/\/doganay.org\/index.php?rest_route=\/wp\/v2\/pages"}],"about":[{"href":"https:\/\/doganay.org\/index.php?rest_route=\/wp\/v2\/types\/page"}],"author":[{"embeddable":true,"href":"https:\/\/doganay.org\/index.php?rest_route=\/wp\/v2\/users\/3"}],"replies":[{"embeddable":true,"href":"https:\/\/doganay.org\/index.php?rest_route=%2Fwp%2Fv2%2Fcomments&post=79"}],"version-history":[{"count":4,"href":"https:\/\/doganay.org\/index.php?rest_route=\/wp\/v2\/pages\/79\/revisions"}],"predecessor-version":[{"id":162,"href":"https:\/\/doganay.org\/index.php?rest_route=\/wp\/v2\/pages\/79\/revisions\/162"}],"wp:attachment":[{"href":"https:\/\/doganay.org\/index.php?rest_route=%2Fwp%2Fv2%2Fmedia&parent=79"}],"curies":[{"name":"wp","href":"https:\/\/api.w.org\/{rel}","templated":true}]}}