{"id":88,"date":"2016-08-14T13:56:05","date_gmt":"2016-08-14T13:56:05","guid":{"rendered":"http:\/\/doganay.org\/?page_id=88"},"modified":"2016-08-14T13:56:05","modified_gmt":"2016-08-14T13:56:05","slug":"izci-andi-ve-turesi","status":"publish","type":"page","link":"https:\/\/doganay.org\/?page_id=88","title":{"rendered":"\u0130zci And\u0131 ve T\u00fcresi"},"content":{"rendered":"<p><strong>\u0130zci And\u0131<\/strong><\/p>\n<p>Tanr\u0131ya, vatan\u0131ma kars\u0131 g\u00f6revlerimi yerine getirece\u011fime, izcilik t\u00fcresine uyaca\u011f\u0131ma, ba\u015fkalar\u0131na her zaman yard\u0131mda bulunaca\u011f\u0131ma, kendimi bedence sa\u011flam, fikirce uyan\u0131k ve ahlak\u00e7a d\u00fcr\u00fcst tutmak i\u00e7in elimden geleni yapaca\u011f\u0131ma \u015ferefim \u00fczerine and i\u00e7erim.<\/p>\n<p>&nbsp;<\/p>\n<p><strong>\u0130zci T\u00fcresi<\/strong><\/p>\n<ol>\n<li>\u0130zci, s\u00f6z\u00fcn\u00fcn eridir. \u015eeref ve haysiyetini her \u015feyin \u00fczerinde tutar.<\/li>\n<li>\u0130zci, yurduna, milletine, ailesine ve izci liderlerine sad\u0131kt\u0131r.<\/li>\n<li>\u0130zci, ba\u015fkalar\u0131na her zaman yard\u0131mc\u0131 ve yararl\u0131 olur.<\/li>\n<li>\u0130zci, herkesin arkada\u015f\u0131 ve izcilerin karde\u015fidir.<\/li>\n<li>\u0130zci, herkese kar\u015f\u0131 naziktir.<\/li>\n<li>\u0130zci, bitki ve hayvanlar\u0131 sever ve korur.<\/li>\n<li>\u0130zci, b\u00fcy\u00fcklerini sayar ve s\u00f6z\u00fcn\u00fc dinler, k\u00fc\u00e7\u00fcklerini sever ve korur.<\/li>\n<li>\u0130zci, cesurdur, ne\u015feli ve g\u00fcler y\u00fczl\u00fcd\u00fcr.<\/li>\n<li>\u0130zci, tutumludur.<\/li>\n<li>\u0130zci, fikir, s\u00f6z ve hareketlerinde a\u00e7\u0131k ve d\u00fcr\u00fcstt\u00fcr.<\/li>\n<\/ol>\n","protected":false},"excerpt":{"rendered":"<p>\u0130zci And\u0131 Tanr\u0131ya, vatan\u0131ma kars\u0131 g\u00f6revlerimi yerine getirece\u011fime, izcilik t\u00fcresine uyaca\u011f\u0131ma, ba\u015fkalar\u0131na her zaman yard\u0131mda bulunaca\u011f\u0131ma, kendimi bedence sa\u011flam, fikirce uyan\u0131k ve ahlak\u00e7a&#8230;<\/p>\n","protected":false},"author":3,"featured_media":0,"parent":0,"menu_order":0,"comment_status":"closed","ping_status":"closed","template":"","meta":{"footnotes":""},"_links":{"self":[{"href":"https:\/\/doganay.org\/index.php?rest_route=\/wp\/v2\/pages\/88"}],"collection":[{"href":"https:\/\/doganay.org\/index.php?rest_route=\/wp\/v2\/pages"}],"about":[{"href":"https:\/\/doganay.org\/index.php?rest_route=\/wp\/v2\/types\/page"}],"author":[{"embeddable":true,"href":"https:\/\/doganay.org\/index.php?rest_route=\/wp\/v2\/users\/3"}],"replies":[{"embeddable":true,"href":"https:\/\/doganay.org\/index.php?rest_route=%2Fwp%2Fv2%2Fcomments&post=88"}],"version-history":[{"count":1,"href":"https:\/\/doganay.org\/index.php?rest_route=\/wp\/v2\/pages\/88\/revisions"}],"predecessor-version":[{"id":89,"href":"https:\/\/doganay.org\/index.php?rest_route=\/wp\/v2\/pages\/88\/revisions\/89"}],"wp:attachment":[{"href":"https:\/\/doganay.org\/index.php?rest_route=%2Fwp%2Fv2%2Fmedia&parent=88"}],"curies":[{"name":"wp","href":"https:\/\/api.w.org\/{rel}","templated":true}]}}