{"id":90,"date":"2016-08-14T14:00:52","date_gmt":"2016-08-14T14:00:52","guid":{"rendered":"http:\/\/doganay.org\/?page_id=90"},"modified":"2016-08-25T08:10:19","modified_gmt":"2016-08-25T08:10:19","slug":"izci-selami","status":"publish","type":"page","link":"https:\/\/doganay.org\/?page_id=90","title":{"rendered":"\u0130zci Selam\u0131"},"content":{"rendered":"<p>\u0130zci selam\u0131 izci and\u0131n\u0131n tekrar\u0131d\u0131r ve sa\u011f elle verilir. Her bir parmak and\u0131n ve t\u00fcrenin maddelerine i\u015faret eder.<\/p>\n<p><img loading=\"lazy\" decoding=\"async\" class=\"wp-image-91 aligncenter\" src=\"https:\/\/doganay.org\/wp-content\/uploads\/2016\/08\/Picture1-159x300.png\" alt=\"Picture1\" width=\"137\" height=\"258\" srcset=\"https:\/\/doganay.org\/wp-content\/uploads\/2016\/08\/Picture1-159x300.png 159w, https:\/\/doganay.org\/wp-content\/uploads\/2016\/08\/Picture1.png 183w\" sizes=\"(max-width: 137px) 100vw, 137px\" \/><\/p>\n<p>Parmaklar\u0131n anlamlar\u0131;<\/p>\n<ol>\n<li>Ba\u015fkalar\u0131na her zaman yard\u0131mda bulunmak.<\/li>\n<li>\u0130zcilik t\u00fcresine uymak.<\/li>\n<li>Tanr\u0131ya ve vatana kar\u015f\u0131 g\u00f6revleri yerine getirmek.<\/li>\n<li>K\u00fc\u00e7\u00fcklerin b\u00fcy\u00fcklere olan sayg\u0131 ve ba\u011fl\u0131l\u0131\u011f\u0131.<\/li>\n<li>B\u00fcy\u00fcklerin k\u00fc\u00e7\u00fckleri sevmesi ve korumas\u0131.<\/li>\n<li>T\u00fcm d\u00fcnya izcilerinin karde\u015f oldu\u011fu ve kopmaz bir ba\u011f ile birbirlerine kenetlenmesi.<\/li>\n<\/ol>\n<p>B\u00fcy\u00fck izci selam\u0131nda kol, g\u00f6vde ve dirsek 90 derecelik a\u00e7\u0131lar olu\u015ftururlar. K\u00fc\u00e7\u00fck izci selam\u0131nda \u00fcst kol g\u00f6vdeye biti\u015fik, alt kol ise g\u00f6vdeye paraleldir. \u00a0Ayr\u0131ca \u015fapka varken izci selam\u0131, parmak u\u00e7lar\u0131 \u015fapkan\u0131n kenar\u0131na de\u011fecek \u015fekilde verilir.<\/p>\n","protected":false},"excerpt":{"rendered":"<p>\u0130zci selam\u0131 izci and\u0131n\u0131n tekrar\u0131d\u0131r ve sa\u011f elle verilir. Her bir parmak and\u0131n ve t\u00fcrenin maddelerine i\u015faret eder. Parmaklar\u0131n anlamlar\u0131; Ba\u015fkalar\u0131na her zaman&#8230;<\/p>\n","protected":false},"author":3,"featured_media":0,"parent":0,"menu_order":0,"comment_status":"closed","ping_status":"closed","template":"","meta":{"footnotes":""},"_links":{"self":[{"href":"https:\/\/doganay.org\/index.php?rest_route=\/wp\/v2\/pages\/90"}],"collection":[{"href":"https:\/\/doganay.org\/index.php?rest_route=\/wp\/v2\/pages"}],"about":[{"href":"https:\/\/doganay.org\/index.php?rest_route=\/wp\/v2\/types\/page"}],"author":[{"embeddable":true,"href":"https:\/\/doganay.org\/index.php?rest_route=\/wp\/v2\/users\/3"}],"replies":[{"embeddable":true,"href":"https:\/\/doganay.org\/index.php?rest_route=%2Fwp%2Fv2%2Fcomments&post=90"}],"version-history":[{"count":3,"href":"https:\/\/doganay.org\/index.php?rest_route=\/wp\/v2\/pages\/90\/revisions"}],"predecessor-version":[{"id":173,"href":"https:\/\/doganay.org\/index.php?rest_route=\/wp\/v2\/pages\/90\/revisions\/173"}],"wp:attachment":[{"href":"https:\/\/doganay.org\/index.php?rest_route=%2Fwp%2Fv2%2Fmedia&parent=90"}],"curies":[{"name":"wp","href":"https:\/\/api.w.org\/{rel}","templated":true}]}}